{"id":1225,"date":"2025-06-28T11:03:36","date_gmt":"2025-06-28T11:03:36","guid":{"rendered":"https:\/\/cloud.lisam.com\/privacy-policy\/"},"modified":"2025-09-04T06:17:14","modified_gmt":"2025-09-04T06:17:14","slug":"privacy-policy","status":"publish","type":"page","link":"https:\/\/cloud.lisam.com\/en\/privacy-policy\/","title":{"rendered":"Privacy Policy"},"content":{"rendered":"\t\t<div data-elementor-type=\"wp-page\" data-elementor-id=\"1225\" class=\"elementor elementor-1225 elementor-1065\" data-elementor-post-type=\"page\">\n\t\t\t\t<div class=\"elementor-element elementor-element-1b441e4 e-flex e-con-boxed e-con e-parent\" data-id=\"1b441e4\" data-element_type=\"container\" data-e-type=\"container\">\n\t\t\t\t\t<div class=\"e-con-inner\">\n\t\t\t\t<div class=\"elementor-element elementor-element-d1ff2c8 elementor-widget elementor-widget-text-editor\" data-id=\"d1ff2c8\" data-element_type=\"widget\" data-e-type=\"widget\" data-widget_type=\"text-editor.default\">\n\t\t\t\t<div class=\"elementor-widget-container\">\n\t\t\t\t\t\t\t\t\t<h2>Lisam Privacy Policy<\/h2><p><strong>1. The Data Controller<\/strong><\/p><p>LISAM.CLOUD IS A DEPARTMENT OF LISAM SYSTEMS SA.<\/p><p>LISAM SYSTEMS SA \u2013 (referred to as \u201cthe company,\u201d \u201cLisam Systems,\u201d \u201cwe,\u201d or \u201cour\u201d in this document) is the controller of your data.<br>LISAM SYSTEMS SA is a service company governed by Belgian law, with its registered office at: <br>Boulevard de la Sennette 42A, B-7190 \u00c9caussinnes <br>and main offices and activity locations at: <br>Rue Jean Jaur\u00e8s 5, B-7190 \u00c9caussinnes (Lisam Systems Headquarters) <br>Otegemstraat 100, B-8550 \u2013 Zwevegem (Lisam Systems Zwevegem).<br>The company is registered under VAT number BE 0466.618.795 with the Banque Carrefour des Entreprises (Belgian Crossroads Bank for Enterprises).<br>The company&#8217;s activities are defined as follows:<br>\u2013 IT Consulting <br>\u2013 Business and Management Consulting <br>\u2013 Development of Software and Enterprise Applications <br>For more information, you can visit our website: www.lisam.com or contact us via <a href=\"https:\/\/www.lisam.com\/en\/contact\/\">our contact form<\/a>.<\/p><p><strong>2. Processing of Personal Data<\/strong><\/p><p>Protecting your privacy is a major concern for LISAM SYSTEMS SA. <br>We are aware of and attentive to your right to be informed about how your personal data is processed, as well as any information that could personally identify you, such as your name, first name, home address, date of birth, phone number(s), email address, etc. (\u201cpersonal data\u201d), which may be collected either while browsing our website (and mobile\/online applications) or using our services. This privacy policy (also referred to as the \u201cpolicy\u201d) aims to inform you about Lisam Systems\u2019 practices regarding the processing of your personal data and the measures taken to ensure their confidentiality and protection. <br>This privacy policy applies to data we collect from: <br>\u2013 You, on a voluntary basis; <br>\u2013 Regulated access points and authentic public sources; <br>\u2013 Your website.<br>This policy also applies to data that is not voluntarily provided to us but is collected when you visit our website or use our services (see section 3 regarding our \u201cCookie Policy\u201d).<br>Some data must be provided, while other data is optional. In this regard, if you refuse to provide the required data, access to certain content may be denied. <br>Your data is collected and processed in full compliance with applicable Belgian law, in particular the Belgian law of 30 July 2018 on the protection of privacy with regard to the processing of personal data, and with EU Regulation 2016\/679 effective since 25 May 2018.<br>By accepting this privacy policy, you expressly consent to the processing of your personal data under the terms and conditions described in this policy.<\/p><p><strong>3. Cookie Policy<\/strong><\/p><p>Cookies are small alphanumeric text files that are automatically stored on your computer\u2019s hard drive when you browse the Internet. Cookies include a unique identification number and help simplify access to the website, improve navigation, as well as speed and performance. They can also be used to adapt our website to your preferences. Cookies allow the analysis of how a website is used in order to improve the experience for its visitors.<br>Web browser settings generally include the option to accept or reject cookies and to alert you when a cookie is used. While this may affect browsing performance and the services offered by the website, you have the right to refuse cookies at any time. <br>For more information, consult the \u201chelp\u201d section of your browser. <br>All cookies stored will be automatically deleted when you close your browser. On our website, cookies related to language preferences will not be automatically deleted. Additionally, any use of our services may be recorded.      <br>This means that the following data may be collected:<br>\u2022 The IP address assigned at the time of connection;<br>\u2022 The date and time of the first access to the services;<br>\u2022 The pages visited during a certain period;<br>\u2022 The browser used;<br>\u2022 The platform or operating system installed on your computer; <br>\u2022 The search engine and keywords used to access the service; <br>\u2022 The files downloaded; <br>\u2022 Language preferences; <br>\u2022 The link through which you accessed the website.<br>The data is processed solely to determine the number of users connected per section and to improve the content of the services, and is never used for profiling purposes.<\/p><p><strong>4. Purposes of Data Processing<\/strong><\/p><p>LISAM SYSTEMS SA collects and processes your data only for specific and limited purposes, in particular: <br>\u2022 To fulfill our contractual obligations; <br>\u2022 To comply with our legal obligations; <br>\u2022 To inform our clients and users about updates to our products.<\/p><p><strong>5. Retention Period of Personal Data<\/strong><\/p><p>LISAM SYSTEMS SA will retain the data only for as long as reasonably necessary to achieve the purposes outlined above and in accordance with all legal requirements.<\/p><p><strong>6. Disclosure of Personal Data<\/strong><\/p><p>Your data may be transferred to distributors or third parties, or to individuals acting on our behalf or under our authority, for processing in line with the purpose for which the data was originally collected (for example, for billing purposes).<\/p><p>LISAM SYSTEMS SA requires its subcontractors to maintain the same level of protection described in this policy, as well as a contractual guarantee to ensure that your data will only be used within the authorized scope, with appropriate discretion and security.<\/p><p><strong>7. Right of Access, Rectification, and Objection<\/strong><\/p><p>LISAM SYSTEMS SA is committed to ensuring that you remain the sole owner of your data. As such, you have the right at any time to rectify, complete, or delete the data you have shared. In accordance with the Belgian law of 30 July 2018 on the protection of privacy with regard to the processing of personal data and EU Regulation 2016\/679 effective since 25 May 2018, you have the right to access, update, rectify, and delete your data.  <\/p><p>By clearly specifying the scope of your request, you can submit a signed request in writing to the address of our headquarters or by email to privacy@lisam.com, attaching a copy of your identity card.<\/p><p><strong>8. Data and Privacy Protection<\/strong><\/p><p>Access to your data is limited to employees of the Company who require it and who adhere to strict confidentiality standards regarding data processing. To ensure the protection and confidentiality of the collected data, we have implemented the highest security standards and work only with data processors who are also subject to the same standards. <\/p><p><strong>9. Transfers of Data to Third Countries<\/strong><\/p><p>LISAM SYSTEMS SA never transfers your personal data outside the EEA to a country that does not provide an adequate level of data protection in accordance with the Belgian law of 30 July 2018 on the protection of privacy with regard to the processing of personal data and EU Regulation 2016\/679 effective since 25 May 2018. <br>Lisam Systems may transfer your data to a third country. In such cases, the company ensures that the country provides a \u201csufficient\u201d level of personal data protection (Art. 68). Third countries guaranteeing a \u201csufficient\u201d level of personal data protection are recognized as such by the European Commission, which, after analyzing a state\u2019s data protection standards, has the authority to decide whether the country offers an adequate level of protection and can be considered valid for personal data transfers.  <\/p><p><strong>10. Communication and Information<\/strong><\/p><p>As mentioned above, personal data will be used by Lisam Systems to inform our clients and users about updates to our products.<\/p><p><strong>11. Hyperlinks to Other Websites<\/strong><\/p><p>Our websites may include hyperlinks to other websites that are neither used nor controlled by LISAM SYSTEMS SA.<br>In this regard, the company cannot be held responsible for the content of the aforementioned websites or the personal data protection policies of third parties using them, as their policies may differ from ours.<\/p><p><strong>12. Amendments to the Data Protection Policy<\/strong><\/p><p>We reserve the right to modify this policy in accordance with applicable personal data protection laws or our practices. <br>We therefore recommend that you regularly review the applicable conditions to stay informed of any changes. New versions will be uploaded to our website, and the publication date, indicated in the last paragraph, will be updated. <br>We will not make any changes that could reduce the level of protection of your rights guaranteed by this policy without first obtaining your consent. <br>For more information on the use of our website, please take the time to carefully read our <a href=\"https:\/\/cloud.lisam.com\/en\/terms-and-conditions-of-sale\/\">&#8220;Terms of Use.&#8221;<\/a> <\/p>\t\t\t\t\t\t\t\t<\/div>\n\t\t\t\t<\/div>\n\t\t\t\t\t<\/div>\n\t\t\t\t<\/div>\n\t\t\t\t<\/div>\n\t\t","protected":false},"excerpt":{"rendered":"<p>Lisam Privacy Policy 1. The Data Controller LISAM.CLOUD IS A DEPARTMENT OF LISAM SYSTEMS SA. LISAM SYSTEMS SA \u2013 (referred to as \u201cthe company,\u201d \u201cLisam Systems,\u201d \u201cwe,\u201d or \u201cour\u201d in this document) is the controller of your data.LISAM SYSTEMS SA is a service company governed by Belgian law, with its registered office at: Boulevard de [&hellip;]<\/p>\n","protected":false},"author":1,"featured_media":0,"parent":0,"menu_order":0,"comment_status":"closed","ping_status":"closed","template":"","meta":{"footnotes":""},"class_list":["post-1225","page","type-page","status-publish","hentry"],"yoast_head":"<!-- This site is optimized with the Yoast SEO plugin v27.3 - https:\/\/yoast.com\/product\/yoast-seo-wordpress\/ -->\n<title>Privacy Policy - Lisam.Cloud<\/title>\n<meta name=\"robots\" content=\"index, follow, max-snippet:-1, max-image-preview:large, max-video-preview:-1\" \/>\n<link rel=\"canonical\" href=\"https:\/\/cloud.lisam.com\/en\/privacy-policy\/\" \/>\n<meta property=\"og:locale\" content=\"en_US\" \/>\n<meta property=\"og:type\" content=\"article\" \/>\n<meta property=\"og:title\" content=\"Privacy Policy - Lisam.Cloud\" \/>\n<meta property=\"og:description\" content=\"Lisam Privacy Policy 1. The Data Controller LISAM.CLOUD IS A DEPARTMENT OF LISAM SYSTEMS SA. LISAM SYSTEMS SA \u2013 (referred to as \u201cthe company,\u201d \u201cLisam Systems,\u201d \u201cwe,\u201d or \u201cour\u201d in this document) is the controller of your data.LISAM SYSTEMS SA is a service company governed by Belgian law, with its registered office at: Boulevard de [&hellip;]\" \/>\n<meta property=\"og:url\" content=\"https:\/\/cloud.lisam.com\/en\/privacy-policy\/\" \/>\n<meta property=\"og:site_name\" content=\"Lisam.Cloud\" \/>\n<meta property=\"article:modified_time\" content=\"2025-09-04T06:17:14+00:00\" \/>\n<meta name=\"twitter:card\" content=\"summary_large_image\" \/>\n<meta name=\"twitter:label1\" content=\"Est. reading time\" \/>\n\t<meta name=\"twitter:data1\" content=\"7 minutes\" \/>\n<script type=\"application\/ld+json\" class=\"yoast-schema-graph\">{\"@context\":\"https:\\\/\\\/schema.org\",\"@graph\":[{\"@type\":\"WebPage\",\"@id\":\"https:\\\/\\\/cloud.lisam.com\\\/en\\\/privacy-policy\\\/\",\"url\":\"https:\\\/\\\/cloud.lisam.com\\\/en\\\/privacy-policy\\\/\",\"name\":\"Privacy Policy - Lisam.Cloud\",\"isPartOf\":{\"@id\":\"https:\\\/\\\/cloud.lisam.com\\\/en\\\/#website\"},\"datePublished\":\"2025-06-28T11:03:36+00:00\",\"dateModified\":\"2025-09-04T06:17:14+00:00\",\"breadcrumb\":{\"@id\":\"https:\\\/\\\/cloud.lisam.com\\\/en\\\/privacy-policy\\\/#breadcrumb\"},\"inLanguage\":\"en-US\",\"potentialAction\":[{\"@type\":\"ReadAction\",\"target\":[\"https:\\\/\\\/cloud.lisam.com\\\/en\\\/privacy-policy\\\/\"]}]},{\"@type\":\"BreadcrumbList\",\"@id\":\"https:\\\/\\\/cloud.lisam.com\\\/en\\\/privacy-policy\\\/#breadcrumb\",\"itemListElement\":[{\"@type\":\"ListItem\",\"position\":1,\"name\":\"Accueil\",\"item\":\"https:\\\/\\\/cloud.lisam.com\\\/en\\\/home\\\/\"},{\"@type\":\"ListItem\",\"position\":2,\"name\":\"Privacy Policy\"}]},{\"@type\":\"WebSite\",\"@id\":\"https:\\\/\\\/cloud.lisam.com\\\/en\\\/#website\",\"url\":\"https:\\\/\\\/cloud.lisam.com\\\/en\\\/\",\"name\":\"lisam.cloud\",\"description\":\"Hosting with confidence.\",\"publisher\":{\"@id\":\"https:\\\/\\\/cloud.lisam.com\\\/en\\\/#organization\"},\"potentialAction\":[{\"@type\":\"SearchAction\",\"target\":{\"@type\":\"EntryPoint\",\"urlTemplate\":\"https:\\\/\\\/cloud.lisam.com\\\/en\\\/?s={search_term_string}\"},\"query-input\":{\"@type\":\"PropertyValueSpecification\",\"valueRequired\":true,\"valueName\":\"search_term_string\"}}],\"inLanguage\":\"en-US\"},{\"@type\":\"Organization\",\"@id\":\"https:\\\/\\\/cloud.lisam.com\\\/en\\\/#organization\",\"name\":\"Lisam One\",\"url\":\"https:\\\/\\\/cloud.lisam.com\\\/en\\\/\",\"logo\":{\"@type\":\"ImageObject\",\"inLanguage\":\"en-US\",\"@id\":\"https:\\\/\\\/cloud.lisam.com\\\/en\\\/#\\\/schema\\\/logo\\\/image\\\/\",\"url\":\"https:\\\/\\\/cloud.lisam.com\\\/wp-content\\\/uploads\\\/2024\\\/04\\\/Logo-Lisam-Cloud.svg\",\"contentUrl\":\"https:\\\/\\\/cloud.lisam.com\\\/wp-content\\\/uploads\\\/2024\\\/04\\\/Logo-Lisam-Cloud.svg\",\"width\":2260,\"height\":364,\"caption\":\"Lisam One\"},\"image\":{\"@id\":\"https:\\\/\\\/cloud.lisam.com\\\/en\\\/#\\\/schema\\\/logo\\\/image\\\/\"}}]}<\/script>\n<!-- \/ Yoast SEO plugin. -->","yoast_head_json":{"title":"Privacy Policy - Lisam.Cloud","robots":{"index":"index","follow":"follow","max-snippet":"max-snippet:-1","max-image-preview":"max-image-preview:large","max-video-preview":"max-video-preview:-1"},"canonical":"https:\/\/cloud.lisam.com\/en\/privacy-policy\/","og_locale":"en_US","og_type":"article","og_title":"Privacy Policy - Lisam.Cloud","og_description":"Lisam Privacy Policy 1. The Data Controller LISAM.CLOUD IS A DEPARTMENT OF LISAM SYSTEMS SA. LISAM SYSTEMS SA \u2013 (referred to as \u201cthe company,\u201d \u201cLisam Systems,\u201d \u201cwe,\u201d or \u201cour\u201d in this document) is the controller of your data.LISAM SYSTEMS SA is a service company governed by Belgian law, with its registered office at: Boulevard de [&hellip;]","og_url":"https:\/\/cloud.lisam.com\/en\/privacy-policy\/","og_site_name":"Lisam.Cloud","article_modified_time":"2025-09-04T06:17:14+00:00","twitter_card":"summary_large_image","twitter_misc":{"Est. reading time":"7 minutes"},"schema":{"@context":"https:\/\/schema.org","@graph":[{"@type":"WebPage","@id":"https:\/\/cloud.lisam.com\/en\/privacy-policy\/","url":"https:\/\/cloud.lisam.com\/en\/privacy-policy\/","name":"Privacy Policy - Lisam.Cloud","isPartOf":{"@id":"https:\/\/cloud.lisam.com\/en\/#website"},"datePublished":"2025-06-28T11:03:36+00:00","dateModified":"2025-09-04T06:17:14+00:00","breadcrumb":{"@id":"https:\/\/cloud.lisam.com\/en\/privacy-policy\/#breadcrumb"},"inLanguage":"en-US","potentialAction":[{"@type":"ReadAction","target":["https:\/\/cloud.lisam.com\/en\/privacy-policy\/"]}]},{"@type":"BreadcrumbList","@id":"https:\/\/cloud.lisam.com\/en\/privacy-policy\/#breadcrumb","itemListElement":[{"@type":"ListItem","position":1,"name":"Accueil","item":"https:\/\/cloud.lisam.com\/en\/home\/"},{"@type":"ListItem","position":2,"name":"Privacy Policy"}]},{"@type":"WebSite","@id":"https:\/\/cloud.lisam.com\/en\/#website","url":"https:\/\/cloud.lisam.com\/en\/","name":"lisam.cloud","description":"Hosting with confidence.","publisher":{"@id":"https:\/\/cloud.lisam.com\/en\/#organization"},"potentialAction":[{"@type":"SearchAction","target":{"@type":"EntryPoint","urlTemplate":"https:\/\/cloud.lisam.com\/en\/?s={search_term_string}"},"query-input":{"@type":"PropertyValueSpecification","valueRequired":true,"valueName":"search_term_string"}}],"inLanguage":"en-US"},{"@type":"Organization","@id":"https:\/\/cloud.lisam.com\/en\/#organization","name":"Lisam One","url":"https:\/\/cloud.lisam.com\/en\/","logo":{"@type":"ImageObject","inLanguage":"en-US","@id":"https:\/\/cloud.lisam.com\/en\/#\/schema\/logo\/image\/","url":"https:\/\/cloud.lisam.com\/wp-content\/uploads\/2024\/04\/Logo-Lisam-Cloud.svg","contentUrl":"https:\/\/cloud.lisam.com\/wp-content\/uploads\/2024\/04\/Logo-Lisam-Cloud.svg","width":2260,"height":364,"caption":"Lisam One"},"image":{"@id":"https:\/\/cloud.lisam.com\/en\/#\/schema\/logo\/image\/"}}]}},"_links":{"self":[{"href":"https:\/\/cloud.lisam.com\/en\/wp-json\/wp\/v2\/pages\/1225","targetHints":{"allow":["GET"]}}],"collection":[{"href":"https:\/\/cloud.lisam.com\/en\/wp-json\/wp\/v2\/pages"}],"about":[{"href":"https:\/\/cloud.lisam.com\/en\/wp-json\/wp\/v2\/types\/page"}],"author":[{"embeddable":true,"href":"https:\/\/cloud.lisam.com\/en\/wp-json\/wp\/v2\/users\/1"}],"replies":[{"embeddable":true,"href":"https:\/\/cloud.lisam.com\/en\/wp-json\/wp\/v2\/comments?post=1225"}],"version-history":[{"count":0,"href":"https:\/\/cloud.lisam.com\/en\/wp-json\/wp\/v2\/pages\/1225\/revisions"}],"wp:attachment":[{"href":"https:\/\/cloud.lisam.com\/en\/wp-json\/wp\/v2\/media?parent=1225"}],"curies":[{"name":"wp","href":"https:\/\/api.w.org\/{rel}","templated":true}]}}