{"id":1294,"date":"2024-09-22T20:55:52","date_gmt":"2024-09-22T20:55:52","guid":{"rendered":"https:\/\/cloud.lisam.com\/datacenters\/"},"modified":"2025-09-16T08:32:00","modified_gmt":"2025-09-16T08:32:00","slug":"datacenters","status":"publish","type":"page","link":"https:\/\/cloud.lisam.com\/nl\/datacenters\/","title":{"rendered":"Datacenters"},"content":{"rendered":"\t\t<div data-elementor-type=\"wp-page\" data-elementor-id=\"1294\" class=\"elementor elementor-1294 elementor-499\" data-elementor-post-type=\"page\">\n\t\t\t\t<div class=\"elementor-element elementor-element-44c8053 e-con-full e-flex e-con e-parent\" data-id=\"44c8053\" data-element_type=\"container\" data-e-type=\"container\" data-settings=\"{&quot;background_background&quot;:&quot;classic&quot;}\">\n\t\t<div class=\"elementor-element elementor-element-a33242c e-con-full e-flex e-con e-child\" data-id=\"a33242c\" data-element_type=\"container\" data-e-type=\"container\">\n\t\t<div class=\"elementor-element elementor-element-4bc5e2b e-con-full e-flex e-con e-child\" data-id=\"4bc5e2b\" data-element_type=\"container\" data-e-type=\"container\">\n\t\t\t\t<div class=\"elementor-element elementor-element-30d4bb3 elementor-widget__width-inherit elementor-widget elementor-widget-image_shape\" data-id=\"30d4bb3\" data-element_type=\"widget\" data-e-type=\"widget\" data-widget_type=\"image_shape.default\">\n\t\t\t\t<div class=\"elementor-widget-container\">\n\t\t\t\t\t        <div class=\"elementor-widget-image-shape\" style=\"position:relative; width:100%; aspect-ratio: 5 \/ 4; overflow:hidden;\">\n            <img decoding=\"async\" src=\"https:\/\/cloud.lisam.com\/wp-content\/uploads\/2025\/06\/lisam.cloud_DATACENTRE_GEMBOUX_017-1.jpg\" alt=\"\" \n                style=\"position:absolute; top:0; left:0; width:100%; height:100%; object-fit:cover;\" \/>\n                            <img decoding=\"async\" src=\"https:\/\/cloud.lisam.com\/wp-content\/themes\/lisam-theme-hello-elementor-child\/images\/white-overlay.png\" \n                    class=\"image-shape-overlay\" \n                    style=\"position:absolute; top:-1px; bottom:-1px; right: -1px; height:calc(100% + 2px); object-fit:contain; z-index:2; pointer-events:none; width:auto; max-width:none;\" \/>\n                    <\/div>\n        \t\t\t\t<\/div>\n\t\t\t\t<\/div>\n\t\t\t\t<\/div>\n\t\t<div class=\"elementor-element elementor-element-d8ffce7 e-con-full e-flex e-con e-child\" data-id=\"d8ffce7\" data-element_type=\"container\" data-e-type=\"container\">\n\t\t\t\t<div class=\"elementor-element elementor-element-068e6af elementor-widget elementor-widget-heading\" data-id=\"068e6af\" data-element_type=\"widget\" data-e-type=\"widget\" data-widget_type=\"heading.default\">\n\t\t\t\t<div class=\"elementor-widget-container\">\n\t\t\t\t\t<h3 class=\"elementor-heading-title elementor-size-default\">Betrouwbaarheid, Veiligheid en Prestaties<\/h3>\t\t\t\t<\/div>\n\t\t\t\t<\/div>\n\t\t\t\t<div class=\"elementor-element elementor-element-f7dd485 elementor-widget__width-initial elementor-widget elementor-widget-heading\" data-id=\"f7dd485\" data-element_type=\"widget\" data-e-type=\"widget\" data-widget_type=\"heading.default\">\n\t\t\t\t<div class=\"elementor-widget-container\">\n\t\t\t\t\t<h1 class=\"elementor-heading-title elementor-size-default\">Onze datacenters<\/h1>\t\t\t\t<\/div>\n\t\t\t\t<\/div>\n\t\t\t\t<div class=\"elementor-element elementor-element-e1ad242 elementor-widget elementor-widget-text-editor\" data-id=\"e1ad242\" data-element_type=\"widget\" data-e-type=\"widget\" data-widget_type=\"text-editor.default\">\n\t\t\t\t<div class=\"elementor-widget-container\">\n\t\t\t\t\t\t\t\t\t<p>Lisam.Cloud beschikt over vijf strategisch gelegen datacenters om effici\u00ebnt te voldoen aan de uiteenlopende eisen van onze internationale klanten.<\/p><p><strong>Hoewel de gebouwen eigendom zijn van onze gespecialiseerde partners, zijn alle technische infrastructuren zoals servers, netwerkapparatuur en bijbehorende systemen volledig eigendom van, beheerd en onderhouden door Lisam.Cloud.<\/strong> We maken geen gebruik van externe onderaannemers voor dit beheer, wat ons in staat stelt u volledige controle, directe reactietijd en optimale beveiliging te garanderen.<\/p>\t\t\t\t\t\t\t\t<\/div>\n\t\t\t\t<\/div>\n\t\t\t\t<\/div>\n\t\t\t\t<\/div>\n\t\t\t\t<\/div>\n\t\t<div class=\"elementor-element elementor-element-741239a4 e-con-full e-flex e-con e-parent\" data-id=\"741239a4\" data-element_type=\"container\" data-e-type=\"container\" data-settings=\"{&quot;background_background&quot;:&quot;classic&quot;}\">\n\t\t<div class=\"elementor-element elementor-element-2658f4c8 e-con-full e-flex e-con e-child\" data-id=\"2658f4c8\" data-element_type=\"container\" data-e-type=\"container\">\n\t\t\t\t<div class=\"elementor-element elementor-element-14d3c464 elementor-widget__width-initial elementor-widget-mobile__width-inherit animated-slow elementor-invisible elementor-widget elementor-widget-counter\" data-id=\"14d3c464\" data-element_type=\"widget\" data-e-type=\"widget\" data-settings=\"{&quot;_animation&quot;:&quot;fadeInUp&quot;,&quot;_animation_delay&quot;:100}\" data-widget_type=\"counter.default\">\n\t\t\t\t<div class=\"elementor-widget-container\">\n\t\t\t\t\t\t\t<div class=\"elementor-counter\">\n\t\t\t<div class=\"elementor-counter-title\">Verenigde Staten<\/div>\t\t\t<div class=\"elementor-counter-number-wrapper\">\n\t\t\t\t<span class=\"elementor-counter-number-prefix\"><\/span>\n\t\t\t\t<span class=\"elementor-counter-number\" data-duration=\"500\" data-to-value=\"2\" data-from-value=\"0\" data-delimiter=\",\">0<\/span>\n\t\t\t\t<span class=\"elementor-counter-number-suffix\"><\/span>\n\t\t\t<\/div>\n\t\t<\/div>\n\t\t\t\t\t\t<\/div>\n\t\t\t\t<\/div>\n\t\t\t\t<div class=\"elementor-element elementor-element-626b0fcb elementor-widget__width-initial elementor-widget-mobile__width-inherit animated-slow elementor-invisible elementor-widget elementor-widget-counter\" data-id=\"626b0fcb\" data-element_type=\"widget\" data-e-type=\"widget\" data-settings=\"{&quot;_animation&quot;:&quot;fadeInUp&quot;,&quot;_animation_delay&quot;:100}\" data-widget_type=\"counter.default\">\n\t\t\t\t<div class=\"elementor-widget-container\">\n\t\t\t\t\t\t\t<div class=\"elementor-counter\">\n\t\t\t<div class=\"elementor-counter-title\">Belgi\u00eb<\/div>\t\t\t<div class=\"elementor-counter-number-wrapper\">\n\t\t\t\t<span class=\"elementor-counter-number-prefix\"><\/span>\n\t\t\t\t<span class=\"elementor-counter-number\" data-duration=\"1000\" data-to-value=\"2\" data-from-value=\"0\" data-delimiter=\",\">0<\/span>\n\t\t\t\t<span class=\"elementor-counter-number-suffix\"><\/span>\n\t\t\t<\/div>\n\t\t<\/div>\n\t\t\t\t\t\t<\/div>\n\t\t\t\t<\/div>\n\t\t\t\t<div class=\"elementor-element elementor-element-71f187c elementor-widget__width-initial elementor-widget-mobile__width-inherit animated-slow elementor-invisible elementor-widget elementor-widget-counter\" data-id=\"71f187c\" data-element_type=\"widget\" data-e-type=\"widget\" data-settings=\"{&quot;_animation&quot;:&quot;fadeInUp&quot;,&quot;_animation_delay&quot;:100}\" data-widget_type=\"counter.default\">\n\t\t\t\t<div class=\"elementor-widget-container\">\n\t\t\t\t\t\t\t<div class=\"elementor-counter\">\n\t\t\t<div class=\"elementor-counter-title\">Luxemburg<\/div>\t\t\t<div class=\"elementor-counter-number-wrapper\">\n\t\t\t\t<span class=\"elementor-counter-number-prefix\"><\/span>\n\t\t\t\t<span class=\"elementor-counter-number\" data-duration=\"1500\" data-to-value=\"1\" data-from-value=\"0\" data-delimiter=\",\">0<\/span>\n\t\t\t\t<span class=\"elementor-counter-number-suffix\"><\/span>\n\t\t\t<\/div>\n\t\t<\/div>\n\t\t\t\t\t\t<\/div>\n\t\t\t\t<\/div>\n\t\t\t\t<div class=\"elementor-element elementor-element-542394a elementor-widget__width-initial animated-slow elementor-invisible elementor-widget elementor-widget-heading\" data-id=\"542394a\" data-element_type=\"widget\" data-e-type=\"widget\" data-settings=\"{&quot;_animation&quot;:&quot;fadeInUp&quot;,&quot;_animation_delay&quot;:2500}\" data-widget_type=\"heading.default\">\n\t\t\t\t<div class=\"elementor-widget-container\">\n\t\t\t\t\t<h3 class=\"elementor-heading-title elementor-size-default\"><br>Onze Europese en Amerikaanse datacenters functioneren volledig onafhankelijk, waardoor een strikte scheiding van gegevens en operaties tussen deze twee regio's wordt gewaarborgd.<\/h3>\t\t\t\t<\/div>\n\t\t\t\t<\/div>\n\t\t\t\t<\/div>\n\t\t\t\t<\/div>\n\t\t<div class=\"elementor-element elementor-element-56132c95 e-con-full e-flex e-con e-parent\" data-id=\"56132c95\" data-element_type=\"container\" data-e-type=\"container\" data-settings=\"{&quot;background_background&quot;:&quot;classic&quot;}\">\n\t\t<div class=\"elementor-element elementor-element-33591b87 e-con-full e-flex e-con e-child\" data-id=\"33591b87\" data-element_type=\"container\" data-e-type=\"container\">\n\t\t\t\t<div class=\"elementor-element elementor-element-43eec208 elementor-invisible elementor-widget elementor-widget-heading\" data-id=\"43eec208\" data-element_type=\"widget\" data-e-type=\"widget\" data-settings=\"{&quot;_animation&quot;:&quot;fadeInUp&quot;}\" data-widget_type=\"heading.default\">\n\t\t\t\t<div class=\"elementor-widget-container\">\n\t\t\t\t\t<h2 class=\"elementor-heading-title elementor-size-default\">Maximale veiligheid en veerkracht van onze datacenters<\/h2>\t\t\t\t<\/div>\n\t\t\t\t<\/div>\n\t\t\t\t<div class=\"elementor-element elementor-element-69ca7e5 elementor-widget elementor-widget-dual_bar\" data-id=\"69ca7e5\" data-element_type=\"widget\" data-e-type=\"widget\" data-widget_type=\"dual_bar.default\">\n\t\t\t\t<div class=\"elementor-widget-container\">\n\t\t\t\t\t<div class=\"dual-bar\"><span><\/span><span><\/span><\/div>\t\t\t\t<\/div>\n\t\t\t\t<\/div>\n\t\t\t\t<div class=\"elementor-element elementor-element-235a740a elementor-invisible elementor-widget elementor-widget-heading\" data-id=\"235a740a\" data-element_type=\"widget\" data-e-type=\"widget\" data-settings=\"{&quot;_animation&quot;:&quot;fadeInUp&quot;}\" data-widget_type=\"heading.default\">\n\t\t\t\t<div class=\"elementor-widget-container\">\n\t\t\t\t\t<h3 class=\"elementor-heading-title elementor-size-default\">De gebouwen zijn uitgerust met geavanceerde apparaten en strikte protocollen om maximale beveiliging van uw gegevens te garanderen, evenals een ononderbroken beschikbaarheid:<\/h3>\t\t\t\t<\/div>\n\t\t\t\t<\/div>\n\t\t\t\t<\/div>\n\t\t<div class=\"elementor-element elementor-element-50bf6620 e-con-full e-flex e-con e-child\" data-id=\"50bf6620\" data-element_type=\"container\" data-e-type=\"container\">\n\t\t<div class=\"elementor-element elementor-element-1cd6f174 e-con-full e-flex e-con e-child\" data-id=\"1cd6f174\" data-element_type=\"container\" data-e-type=\"container\">\n\t\t\t\t<div class=\"elementor-element elementor-element-58273fa8 elementor-invisible elementor-widget elementor-widget-icon-box\" data-id=\"58273fa8\" data-element_type=\"widget\" data-e-type=\"widget\" data-settings=\"{&quot;_animation&quot;:&quot;fadeInUp&quot;}\" data-widget_type=\"icon-box.default\">\n\t\t\t\t<div class=\"elementor-widget-container\">\n\t\t\t\t\t\t\t<div class=\"elementor-icon-box-wrapper\">\n\n\t\t\t\n\t\t\t\t\t\t<div class=\"elementor-icon-box-content\">\n\n\t\t\t\t\t\t\t\t\t<h4 class=\"elementor-icon-box-title\">\n\t\t\t\t\t\t<span  >\n\t\t\t\t\t\t\tVersterkte fysieke beveiliging\t\t\t\t\t\t<\/span>\n\t\t\t\t\t<\/h4>\n\t\t\t\t\n\t\t\t\t\t\t\t\t\t<p class=\"elementor-icon-box-description\">\n\t\t\t\t\t\tContinue videobewaking 24\/7.\n\n<br>Beperkte toegang via biometrische authenticatie.<br><br><br>Continue aanwezigheid van gekwalificeerd beveiligingspersoneel.<br><br>\t\t\t\t\t<\/p>\n\t\t\t\t\n\t\t\t<\/div>\n\t\t\t\n\t\t<\/div>\n\t\t\t\t\t\t<\/div>\n\t\t\t\t<\/div>\n\t\t\t\t<\/div>\n\t\t<div class=\"elementor-element elementor-element-3df5093d e-con-full e-flex e-con e-child\" data-id=\"3df5093d\" data-element_type=\"container\" data-e-type=\"container\">\n\t\t\t\t<div class=\"elementor-element elementor-element-59a52fa3 elementor-invisible elementor-widget elementor-widget-icon-box\" data-id=\"59a52fa3\" data-element_type=\"widget\" data-e-type=\"widget\" data-settings=\"{&quot;_animation&quot;:&quot;fadeInUp&quot;}\" data-widget_type=\"icon-box.default\">\n\t\t\t\t<div class=\"elementor-widget-container\">\n\t\t\t\t\t\t\t<div class=\"elementor-icon-box-wrapper\">\n\n\t\t\t\n\t\t\t\t\t\t<div class=\"elementor-icon-box-content\">\n\n\t\t\t\t\t\t\t\t\t<h4 class=\"elementor-icon-box-title\">\n\t\t\t\t\t\t<span  >\n\t\t\t\t\t\t\tProtection environnementale optimis\u00e9e\t\t\t\t\t\t<\/span>\n\t\t\t\t\t<\/h4>\n\t\t\t\t\n\t\t\t\t\t\t\t\t\t<p class=\"elementor-icon-box-description\">\n\t\t\t\t\t\tD\u00e9tection et extinction automatique des incendies.\n\n<br>Structures con\u00e7ues pour pr\u00e9venir inondations et risques environnementaux.<br><br><br>Mesures actives de protection int\u00e9gr\u00e9es au site.\t\t\t\t\t<\/p>\n\t\t\t\t\n\t\t\t<\/div>\n\t\t\t\n\t\t<\/div>\n\t\t\t\t\t\t<\/div>\n\t\t\t\t<\/div>\n\t\t\t\t<\/div>\n\t\t<div class=\"elementor-element elementor-element-6448f388 e-con-full e-flex e-con e-child\" data-id=\"6448f388\" data-element_type=\"container\" data-e-type=\"container\">\n\t\t\t\t<div class=\"elementor-element elementor-element-719f01e elementor-invisible elementor-widget elementor-widget-icon-box\" data-id=\"719f01e\" data-element_type=\"widget\" data-e-type=\"widget\" data-settings=\"{&quot;_animation&quot;:&quot;fadeInUp&quot;}\" data-widget_type=\"icon-box.default\">\n\t\t\t\t<div class=\"elementor-widget-container\">\n\t\t\t\t\t\t\t<div class=\"elementor-icon-box-wrapper\">\n\n\t\t\t\n\t\t\t\t\t\t<div class=\"elementor-icon-box-content\">\n\n\t\t\t\t\t\t\t\t\t<h4 class=\"elementor-icon-box-title\">\n\t\t\t\t\t\t<span  >\n\t\t\t\t\t\t\tRedundantie en hoge beschikbaarheid\t\t\t\t\t\t<\/span>\n\t\t\t\t\t<\/h4>\n\t\t\t\t\n\t\t\t\t\t\t\t\t\t<p class=\"elementor-icon-box-description\">\n\t\t\t\t\t\tDubbele stroomvoorziening en noodgeneratoren.\n\n<br><br>High-performance koeling voor constante belasting.<br><br><br><br>Multi-operator verbinding zonder enkelvoudig faalpunt.\t\t\t\t\t<\/p>\n\t\t\t\t\n\t\t\t<\/div>\n\t\t\t\n\t\t<\/div>\n\t\t\t\t\t\t<\/div>\n\t\t\t\t<\/div>\n\t\t\t\t<\/div>\n\t\t\t\t<\/div>\n\t\t\t\t<\/div>\n\t\t<div class=\"elementor-element elementor-element-4535c08 e-flex e-con-boxed e-con e-parent\" data-id=\"4535c08\" data-element_type=\"container\" data-e-type=\"container\">\n\t\t\t\t\t<div class=\"e-con-inner\">\n\t\t\t\t<div class=\"elementor-element elementor-element-2f0946b elementor-invisible elementor-widget elementor-widget-heading\" data-id=\"2f0946b\" data-element_type=\"widget\" data-e-type=\"widget\" data-settings=\"{&quot;_animation&quot;:&quot;fadeInUp&quot;}\" data-widget_type=\"heading.default\">\n\t\t\t\t<div class=\"elementor-widget-container\">\n\t\t\t\t\t<h2 class=\"elementor-heading-title elementor-size-default\">Certificeringen en Kwaliteitsverbintenis<\/h2>\t\t\t\t<\/div>\n\t\t\t\t<\/div>\n\t\t\t\t<div class=\"elementor-element elementor-element-1067653 elementor-widget elementor-widget-text-editor\" data-id=\"1067653\" data-element_type=\"widget\" data-e-type=\"widget\" data-widget_type=\"text-editor.default\">\n\t\t\t\t<div class=\"elementor-widget-container\">\n\t\t\t\t\t\t\t\t\t<p>Onze datacenters en infrastructuren voldoen aan de strengste internationale normen om betrouwbaarheid, veiligheid en milieuduurzaamheid te waarborgen:<\/p><ul><li><strong>Tier III-certificering<\/strong> of hoger, die veerkracht en beschikbaarheid garandeert.<\/li><li><strong>Strikte milieu- en energienormen<\/strong>, getuigend van onze inzet voor <strong>een duurzame en verantwoorde ontwikkeling.<\/strong><\/li><li>Naleving van internationale veiligheidsnormen, met inbegrip van <strong>ISO 27001 en ISO 9001.<\/strong><\/li><\/ul>\t\t\t\t\t\t\t\t<\/div>\n\t\t\t\t<\/div>\n\t\t\t\t<div class=\"elementor-element elementor-element-82304f0 elementor-invisible elementor-widget elementor-widget-heading\" data-id=\"82304f0\" data-element_type=\"widget\" data-e-type=\"widget\" data-settings=\"{&quot;_animation&quot;:&quot;fadeInUp&quot;}\" data-widget_type=\"heading.default\">\n\t\t\t\t<div class=\"elementor-widget-container\">\n\t\t\t\t\t<h3 class=\"elementor-heading-title elementor-size-default\">Met Lisam.Cloud kiest u voor een cloudinfrastructuur die is ontworpen om <b>optimale beveiliging, betrouwbaarheid en prestaties te bieden<\/b>, ongeacht uw sector.<\/h3>\t\t\t\t<\/div>\n\t\t\t\t<\/div>\n\t\t\t\t\t<\/div>\n\t\t\t\t<\/div>\n\t\t\t\t<\/div>\n\t\t","protected":false},"excerpt":{"rendered":"<p>Betrouwbaarheid, Veiligheid en Prestaties Onze datacenters Lisam.Cloud beschikt over vijf strategisch gelegen datacenters om effici\u00ebnt te voldoen aan de uiteenlopende eisen van onze internationale klanten. Hoewel de gebouwen eigendom zijn van onze gespecialiseerde partners, zijn alle technische infrastructuren zoals servers, netwerkapparatuur en bijbehorende systemen volledig eigendom van, beheerd en onderhouden door Lisam.Cloud. We maken geen [&hellip;]<\/p>\n","protected":false},"author":4,"featured_media":0,"parent":0,"menu_order":0,"comment_status":"closed","ping_status":"closed","template":"elementor_header_footer","meta":{"footnotes":""},"class_list":["post-1294","page","type-page","status-publish","hentry"],"yoast_head":"<!-- This site is optimized with the Yoast SEO plugin v27.3 - https:\/\/yoast.com\/product\/yoast-seo-wordpress\/ -->\n<title>Datacenters - Lisam.Cloud<\/title>\n<meta name=\"description\" content=\"Lisam.Cloud beschikt over vijf strategisch gelegen datacenters om effici\u00ebnt te voldoen aan de uiteenlopende eisen van onze klanten.\" \/>\n<meta name=\"robots\" content=\"index, follow, max-snippet:-1, max-image-preview:large, max-video-preview:-1\" \/>\n<link rel=\"canonical\" href=\"https:\/\/cloud.lisam.com\/nl\/datacenters\/\" \/>\n<meta property=\"og:locale\" content=\"nl_NL\" \/>\n<meta property=\"og:type\" content=\"article\" \/>\n<meta property=\"og:title\" content=\"Datacenters - Lisam.Cloud\" \/>\n<meta property=\"og:description\" content=\"Lisam.Cloud beschikt over vijf strategisch gelegen datacenters om effici\u00ebnt te voldoen aan de uiteenlopende eisen van onze klanten.\" \/>\n<meta property=\"og:url\" content=\"https:\/\/cloud.lisam.com\/nl\/datacenters\/\" \/>\n<meta property=\"og:site_name\" content=\"Lisam.Cloud\" \/>\n<meta property=\"article:modified_time\" content=\"2025-09-16T08:32:00+00:00\" \/>\n<meta property=\"og:image\" content=\"https:\/\/cloud.lisam.com\/wp-content\/uploads\/2025\/06\/lisam.cloud_DATACENTRE_GEMBOUX_017-1.jpg\" \/>\n<meta name=\"twitter:card\" content=\"summary_large_image\" \/>\n<meta name=\"twitter:label1\" content=\"Geschatte leestijd\" \/>\n\t<meta name=\"twitter:data1\" content=\"1 minuut\" \/>\n<script type=\"application\/ld+json\" class=\"yoast-schema-graph\">{\"@context\":\"https:\\\/\\\/schema.org\",\"@graph\":[{\"@type\":\"WebPage\",\"@id\":\"https:\\\/\\\/cloud.lisam.com\\\/nl\\\/datacenters\\\/\",\"url\":\"https:\\\/\\\/cloud.lisam.com\\\/nl\\\/datacenters\\\/\",\"name\":\"Datacenters - Lisam.Cloud\",\"isPartOf\":{\"@id\":\"https:\\\/\\\/cloud.lisam.com\\\/nl\\\/#website\"},\"primaryImageOfPage\":{\"@id\":\"https:\\\/\\\/cloud.lisam.com\\\/nl\\\/datacenters\\\/#primaryimage\"},\"image\":{\"@id\":\"https:\\\/\\\/cloud.lisam.com\\\/nl\\\/datacenters\\\/#primaryimage\"},\"thumbnailUrl\":\"https:\\\/\\\/cloud.lisam.com\\\/wp-content\\\/uploads\\\/2025\\\/06\\\/lisam.cloud_DATACENTRE_GEMBOUX_017-1.jpg\",\"datePublished\":\"2024-09-22T20:55:52+00:00\",\"dateModified\":\"2025-09-16T08:32:00+00:00\",\"description\":\"Lisam.Cloud beschikt over vijf strategisch gelegen datacenters om effici\u00ebnt te voldoen aan de uiteenlopende eisen van onze klanten.\",\"breadcrumb\":{\"@id\":\"https:\\\/\\\/cloud.lisam.com\\\/nl\\\/datacenters\\\/#breadcrumb\"},\"inLanguage\":\"nl-NL\",\"potentialAction\":[{\"@type\":\"ReadAction\",\"target\":[\"https:\\\/\\\/cloud.lisam.com\\\/nl\\\/datacenters\\\/\"]}]},{\"@type\":\"ImageObject\",\"inLanguage\":\"nl-NL\",\"@id\":\"https:\\\/\\\/cloud.lisam.com\\\/nl\\\/datacenters\\\/#primaryimage\",\"url\":\"https:\\\/\\\/cloud.lisam.com\\\/wp-content\\\/uploads\\\/2025\\\/06\\\/lisam.cloud_DATACENTRE_GEMBOUX_017-1.jpg\",\"contentUrl\":\"https:\\\/\\\/cloud.lisam.com\\\/wp-content\\\/uploads\\\/2025\\\/06\\\/lisam.cloud_DATACENTRE_GEMBOUX_017-1.jpg\"},{\"@type\":\"BreadcrumbList\",\"@id\":\"https:\\\/\\\/cloud.lisam.com\\\/nl\\\/datacenters\\\/#breadcrumb\",\"itemListElement\":[{\"@type\":\"ListItem\",\"position\":1,\"name\":\"Accueil\",\"item\":\"https:\\\/\\\/cloud.lisam.com\\\/nl\\\/home\\\/\"},{\"@type\":\"ListItem\",\"position\":2,\"name\":\"Datacenters\"}]},{\"@type\":\"WebSite\",\"@id\":\"https:\\\/\\\/cloud.lisam.com\\\/nl\\\/#website\",\"url\":\"https:\\\/\\\/cloud.lisam.com\\\/nl\\\/\",\"name\":\"lisam.cloud\",\"description\":\"Hosting with confidence.\",\"publisher\":{\"@id\":\"https:\\\/\\\/cloud.lisam.com\\\/nl\\\/#organization\"},\"potentialAction\":[{\"@type\":\"SearchAction\",\"target\":{\"@type\":\"EntryPoint\",\"urlTemplate\":\"https:\\\/\\\/cloud.lisam.com\\\/nl\\\/?s={search_term_string}\"},\"query-input\":{\"@type\":\"PropertyValueSpecification\",\"valueRequired\":true,\"valueName\":\"search_term_string\"}}],\"inLanguage\":\"nl-NL\"},{\"@type\":\"Organization\",\"@id\":\"https:\\\/\\\/cloud.lisam.com\\\/nl\\\/#organization\",\"name\":\"Lisam One\",\"url\":\"https:\\\/\\\/cloud.lisam.com\\\/nl\\\/\",\"logo\":{\"@type\":\"ImageObject\",\"inLanguage\":\"nl-NL\",\"@id\":\"https:\\\/\\\/cloud.lisam.com\\\/nl\\\/#\\\/schema\\\/logo\\\/image\\\/\",\"url\":\"https:\\\/\\\/cloud.lisam.com\\\/wp-content\\\/uploads\\\/2024\\\/04\\\/Logo-Lisam-Cloud.svg\",\"contentUrl\":\"https:\\\/\\\/cloud.lisam.com\\\/wp-content\\\/uploads\\\/2024\\\/04\\\/Logo-Lisam-Cloud.svg\",\"width\":2260,\"height\":364,\"caption\":\"Lisam One\"},\"image\":{\"@id\":\"https:\\\/\\\/cloud.lisam.com\\\/nl\\\/#\\\/schema\\\/logo\\\/image\\\/\"}}]}<\/script>\n<!-- \/ Yoast SEO plugin. -->","yoast_head_json":{"title":"Datacenters - Lisam.Cloud","description":"Lisam.Cloud beschikt over vijf strategisch gelegen datacenters om effici\u00ebnt te voldoen aan de uiteenlopende eisen van onze klanten.","robots":{"index":"index","follow":"follow","max-snippet":"max-snippet:-1","max-image-preview":"max-image-preview:large","max-video-preview":"max-video-preview:-1"},"canonical":"https:\/\/cloud.lisam.com\/nl\/datacenters\/","og_locale":"nl_NL","og_type":"article","og_title":"Datacenters - Lisam.Cloud","og_description":"Lisam.Cloud beschikt over vijf strategisch gelegen datacenters om effici\u00ebnt te voldoen aan de uiteenlopende eisen van onze klanten.","og_url":"https:\/\/cloud.lisam.com\/nl\/datacenters\/","og_site_name":"Lisam.Cloud","article_modified_time":"2025-09-16T08:32:00+00:00","og_image":[{"url":"https:\/\/cloud.lisam.com\/wp-content\/uploads\/2025\/06\/lisam.cloud_DATACENTRE_GEMBOUX_017-1.jpg","type":"","width":"","height":""}],"twitter_card":"summary_large_image","twitter_misc":{"Geschatte leestijd":"1 minuut"},"schema":{"@context":"https:\/\/schema.org","@graph":[{"@type":"WebPage","@id":"https:\/\/cloud.lisam.com\/nl\/datacenters\/","url":"https:\/\/cloud.lisam.com\/nl\/datacenters\/","name":"Datacenters - Lisam.Cloud","isPartOf":{"@id":"https:\/\/cloud.lisam.com\/nl\/#website"},"primaryImageOfPage":{"@id":"https:\/\/cloud.lisam.com\/nl\/datacenters\/#primaryimage"},"image":{"@id":"https:\/\/cloud.lisam.com\/nl\/datacenters\/#primaryimage"},"thumbnailUrl":"https:\/\/cloud.lisam.com\/wp-content\/uploads\/2025\/06\/lisam.cloud_DATACENTRE_GEMBOUX_017-1.jpg","datePublished":"2024-09-22T20:55:52+00:00","dateModified":"2025-09-16T08:32:00+00:00","description":"Lisam.Cloud beschikt over vijf strategisch gelegen datacenters om effici\u00ebnt te voldoen aan de uiteenlopende eisen van onze klanten.","breadcrumb":{"@id":"https:\/\/cloud.lisam.com\/nl\/datacenters\/#breadcrumb"},"inLanguage":"nl-NL","potentialAction":[{"@type":"ReadAction","target":["https:\/\/cloud.lisam.com\/nl\/datacenters\/"]}]},{"@type":"ImageObject","inLanguage":"nl-NL","@id":"https:\/\/cloud.lisam.com\/nl\/datacenters\/#primaryimage","url":"https:\/\/cloud.lisam.com\/wp-content\/uploads\/2025\/06\/lisam.cloud_DATACENTRE_GEMBOUX_017-1.jpg","contentUrl":"https:\/\/cloud.lisam.com\/wp-content\/uploads\/2025\/06\/lisam.cloud_DATACENTRE_GEMBOUX_017-1.jpg"},{"@type":"BreadcrumbList","@id":"https:\/\/cloud.lisam.com\/nl\/datacenters\/#breadcrumb","itemListElement":[{"@type":"ListItem","position":1,"name":"Accueil","item":"https:\/\/cloud.lisam.com\/nl\/home\/"},{"@type":"ListItem","position":2,"name":"Datacenters"}]},{"@type":"WebSite","@id":"https:\/\/cloud.lisam.com\/nl\/#website","url":"https:\/\/cloud.lisam.com\/nl\/","name":"lisam.cloud","description":"Hosting with confidence.","publisher":{"@id":"https:\/\/cloud.lisam.com\/nl\/#organization"},"potentialAction":[{"@type":"SearchAction","target":{"@type":"EntryPoint","urlTemplate":"https:\/\/cloud.lisam.com\/nl\/?s={search_term_string}"},"query-input":{"@type":"PropertyValueSpecification","valueRequired":true,"valueName":"search_term_string"}}],"inLanguage":"nl-NL"},{"@type":"Organization","@id":"https:\/\/cloud.lisam.com\/nl\/#organization","name":"Lisam One","url":"https:\/\/cloud.lisam.com\/nl\/","logo":{"@type":"ImageObject","inLanguage":"nl-NL","@id":"https:\/\/cloud.lisam.com\/nl\/#\/schema\/logo\/image\/","url":"https:\/\/cloud.lisam.com\/wp-content\/uploads\/2024\/04\/Logo-Lisam-Cloud.svg","contentUrl":"https:\/\/cloud.lisam.com\/wp-content\/uploads\/2024\/04\/Logo-Lisam-Cloud.svg","width":2260,"height":364,"caption":"Lisam One"},"image":{"@id":"https:\/\/cloud.lisam.com\/nl\/#\/schema\/logo\/image\/"}}]}},"_links":{"self":[{"href":"https:\/\/cloud.lisam.com\/nl\/wp-json\/wp\/v2\/pages\/1294","targetHints":{"allow":["GET"]}}],"collection":[{"href":"https:\/\/cloud.lisam.com\/nl\/wp-json\/wp\/v2\/pages"}],"about":[{"href":"https:\/\/cloud.lisam.com\/nl\/wp-json\/wp\/v2\/types\/page"}],"author":[{"embeddable":true,"href":"https:\/\/cloud.lisam.com\/nl\/wp-json\/wp\/v2\/users\/4"}],"replies":[{"embeddable":true,"href":"https:\/\/cloud.lisam.com\/nl\/wp-json\/wp\/v2\/comments?post=1294"}],"version-history":[{"count":0,"href":"https:\/\/cloud.lisam.com\/nl\/wp-json\/wp\/v2\/pages\/1294\/revisions"}],"wp:attachment":[{"href":"https:\/\/cloud.lisam.com\/nl\/wp-json\/wp\/v2\/media?parent=1294"}],"curies":[{"name":"wp","href":"https:\/\/api.w.org\/{rel}","templated":true}]}}