{"id":1341,"date":"2025-06-28T11:03:36","date_gmt":"2025-06-28T11:03:36","guid":{"rendered":"https:\/\/cloud.lisam.com\/privacybeleid\/"},"modified":"2025-09-16T09:52:22","modified_gmt":"2025-09-16T09:52:22","slug":"privacybeleid","status":"publish","type":"page","link":"https:\/\/cloud.lisam.com\/nl\/privacybeleid\/","title":{"rendered":"Privacybeleid"},"content":{"rendered":"\t\t<div data-elementor-type=\"wp-page\" data-elementor-id=\"1341\" class=\"elementor elementor-1341 elementor-1065\" data-elementor-post-type=\"page\">\n\t\t\t\t<div class=\"elementor-element elementor-element-1b441e4 e-flex e-con-boxed e-con e-parent\" data-id=\"1b441e4\" data-element_type=\"container\" data-e-type=\"container\">\n\t\t\t\t\t<div class=\"e-con-inner\">\n\t\t\t\t<div class=\"elementor-element elementor-element-d1ff2c8 elementor-widget elementor-widget-text-editor\" data-id=\"d1ff2c8\" data-element_type=\"widget\" data-e-type=\"widget\" data-widget_type=\"text-editor.default\">\n\t\t\t\t<div class=\"elementor-widget-container\">\n\t\t\t\t\t\t\t\t\t<h2>Lisam&#8217;s privacy policy.<\/h2><p><strong>1. De gegevensbeheerder<\/strong><\/p><p>LISAM.CLOUD IS EEN AFDELING VAN LISAM SYSTEMS SA.<\/p><p>LISAM SYSTEMS SA &#8211; (genoemd &#8220;het bedrijf&#8221;, &#8220;Lisam Systems&#8221;, &#8220;wij&#8221;, &#8220;ons&#8221; in dit document) is de verantwoordelijke voor de verwerking van uw gegevens.<br>LISAM SYSTEMS SA is een dienstverlenend bedrijf, gereguleerd door het Belgische recht, met de maatschappelijke zetel op het volgende adres: Boulevard de la Sennette 42A, B-7190 \u00c9caussinnes met kantoren en hoofdactiviteiten op de volgende locaties: Rue Jean Jaur\u00e8s 5, B-7190 \u00c9caussinnes (hoofdzetel van Lisam Systems) Otegemstraat 100, B-8550 \u2013 Zwevegem (Lisam Systems Zwevegem).<br>Het bedrijf is geregistreerd onder het BTW-nummer BE 0466.618.795 bij de Kruispuntbank van Ondernemingen (Belgisch handelsregister).<br>De activiteiten van het bedrijf worden als volgt gedefinieerd:<br>\u2013 IT-advies <br>\u2013 Bedrijfs- en managementadvies <br>\u2013 Ontwikkeling van software en bedrijfsapplicaties <br>Voor meer informatie kunt u onze website bezoeken: www.lisam.com of contact met ons opnemen via ons <a href=\"https:\/\/www.lisam.com\/fr\/demander-une-demo\/\">contactformulier<\/a>.<\/p><p><strong>2. Verwerking van persoonsgegevens<\/strong><\/p><p>De bescherming van uw privacy is een belangrijke zorg voor LISAM SYSTEMS SA. We zijn ons bewust van en attent op uw recht om ge\u00efnformeerd te worden over hoe uw priv\u00e9gegevens worden verwerkt, evenals over alle informatie die u persoonlijk zou kunnen identificeren, zoals uw naam, voornaam, persoonlijk adres, geboortedatum, telefoonnummer(s), e-mailadres, enz. (&#8220;persoonsgegevens&#8221;) die kunnen worden verzameld tijdens het surfen op onze website (en onze mobiele\/internetapplicaties) of tijdens het gebruik van onze diensten. Dit privacybeleid (ook wel &#8220;beleid&#8221; genoemd) is bedoeld om u te informeren over de praktijken van Lisam Systems met betrekking tot de verwerking van uw persoonsgegevens en de maatregelen die zijn genomen om hun vertrouwelijkheid en bescherming te waarborgen. <br>Dit privacybeleid is van toepassing op de gegevens die wij verzamelen van: <br>\u2013 uzelf, op vrijwillige basis; <br>\u2013 gereguleerde toegangen en authentieke openbare bronnen; <br>\u2013 uw website.<br>Dit beleid is ook van toepassing op gegevens die niet vrijwillig aan ons worden verstrekt, maar die worden verzameld wanneer u onze website bezoekt of onze diensten gebruikt (zie sectie 3 over ons &#8220;cookiebeleid&#8221;).<br>Bepaalde gegevens moeten worden verstrekt, terwijl andere optioneel zijn. In dit opzicht, als u weigert de vereiste gegevens te verstrekken, kan u de toegang tot bepaalde inhoud worden geweigerd. <br>Uw gegevens worden verzameld en verwerkt in volledige overeenstemming met de toepasselijke Belgische wetgeving en, in het bijzonder, met de Belgische wet van 30 juli 2018 betreffende de bescherming van de persoonlijke levenssfeer ten opzichte van de verwerking van persoonsgegevens en met de EU-verordening 2016\/679 die van toepassing is sinds 25 mei 2018.<br>Door dit privacybeleid te accepteren, stemt u er uitdrukkelijk mee in dat uw persoonsgegevens worden verwerkt volgens de voorwaarden en bepalingen die in dit beleid zijn beschreven.<\/p><p><strong>3. Cookiebeleid<\/strong><\/p><p>Cookies zijn kleine alfanumerieke tekstbestanden die automatisch op de harde schijf van uw computer worden opgeslagen wanneer u op internet surft. Cookies bevatten een uniek identificatienummer en maken het eenvoudiger om toegang te krijgen tot de website, verbeteren de navigatie en de snelheid en prestaties van het gebruik. Ze kunnen ook worden gebruikt om onze website aan uw voorkeuren aan te passen. Cookies maken het mogelijk om te analyseren hoe een website wordt gebruikt om de ervaring van de bezoekers te verbeteren. De instellingen van webbrowsers bevatten meestal de optie om cookies te accepteren of te weigeren en u te waarschuwen wanneer een cookie wordt gebruikt. Hoewel dit invloed kan hebben op de browseprestaties en de aangeboden diensten van de website, heeft u te allen tijde het recht om cookies te weigeren. Voor meer informatie raadpleegt u de sectie &#8220;help&#8221; van uw browser. Alle opgeslagen cookies worden automatisch verwijderd wanneer u uw browser sluit. Op onze website worden cookies met betrekking tot taalvoorkeuren niet automatisch verwijderd. Bovendien kan elk gebruik van onze diensten worden geregistreerd.      <br>Dit betekent dat de volgende gegevens kunnen worden verzameld:<br>\u2022 Het IP-adres dat is toegewezen tijdens de verbinding;<br>\u2022 De datum en tijd van de eerste toegang tot de diensten;<br>\u2022 De pagina&#8217;s die gedurende een bepaalde tijd zijn bezocht;<br>\u2022 De gebruikte browser;<br>\u2022 Het platform of het besturingssysteem dat op uw computer is ge\u00efnstalleerd; <br>\u2022 De zoekmachine en de gebruikte zoekwoorden om toegang te krijgen tot de dienst; <br>\u2022 De gedownloade bestanden; <br>\u2022 De taalvoorkeuren; <br>\u2022 De link waarmee u toegang hebt gekregen tot de website.<br>De gegevens worden uitsluitend verwerkt om het aantal gebruikers per sectie te bepalen en de inhoud van de diensten te verbeteren, en worden nooit gebruikt voor profilering.<\/p><p><strong>4. Doeleinden van de gegevensverwerking<\/strong><\/p><p>LISAM SYSTEMS SA verzamelt en verwerkt uw gegevens alleen voor specifieke en beperkte doeleinden, met name: <br>\u2022 Om onze contractuele verplichtingen na te komen; <br>\u2022 Om onze wettelijke verplichtingen na te komen; <br>\u2022 Om onze klanten en gebruikers te informeren over updates van onze producten.<\/p><p><strong>5. Bewaartermijn van persoonsgegevens<\/strong><\/p><p>LISAM SYSTEMS SA zal de gegevens alleen bewaren voor de redelijke tijd die nodig is om de bovengenoemde doelen te bereiken en in overeenstemming met alle wettelijke vereisten.<\/p><p><strong>6. Communicatie van persoonsgegevens<\/strong><\/p><p>Uw gegevens kunnen worden overgedragen aan distributeurs of derden, of aan personen die namens ons of onder onze autoriteit handelen, voor verwerking in overeenstemming met het doel waarvoor de gegevens oorspronkelijk zijn verzameld (bijvoorbeeld voor factureringsdoeleinden).<\/p><p>LISAM SYSTEMS SA vereist van haar onderaannemers hetzelfde beschermingsniveau als beschreven in dit beleid, evenals een contractuele garantie om ervoor te zorgen dat uw gegevens alleen worden gebruikt binnen het toegestane kader met de nodige discretie en het juiste beveiligingsniveau.<\/p><p><strong>7. Recht op toegang, rectificatie en bezwaar<\/strong><\/p><p>LISAM SYSTEMS SA hecht er veel waarde aan dat u de enige beheerder van uw gegevens blijft. Daarom heeft u te allen tijde het recht om de gegevens die u hebt gedeeld te corrigeren, aan te vullen of te verwijderen. In overeenstemming met de Belgische wet van 30 juli 2018 betreffende de bescherming van de persoonlijke levenssfeer ten opzichte van de verwerking van persoonsgegevens en de EU-verordening 2016\/679 die sinds 25 mei 2018 van toepassing is, heeft u het recht op toegang, bijwerking, rectificatie en verwijdering van uw gegevens.  <\/p><p>Door duidelijk de reikwijdte van uw verzoek vast te stellen, kunt u een ondertekend verzoek per post sturen naar het adres van ons hoofdkantoor of per e-mail naar privacy@lisam.com met uw identiteitskaart als bijlage.<\/p><p><strong>8. Bescherming van gegevens en privacy<\/strong><\/p><p>De toegang tot uw gegevens is beperkt tot de werknemers van het bedrijf die deze nodig hebben en die strikte vertrouwelijkheidsnormen hanteren bij de verwerking van gegevens. Om de bescherming en vertrouwelijkheid van de verzamelde gegevens te waarborgen, hebben we de hoogste beveiligingsnormen ingevoerd en werken we alleen met gegevensverwerkers die ook aan dezelfde normen zijn onderworpen. <\/p><p><strong>9. Gegevensoverdrachten naar derde landen<\/strong><\/p><p>LISAM SYSTEMS SA draagt uw persoonsgegevens nooit over buiten de EER naar een land dat geen adequaat niveau van gegevensbescherming garandeert in overeenstemming met de Belgische wet van 30 juli 2018 betreffende de bescherming van de persoonlijke levenssfeer ten opzichte van de verwerking van persoonsgegevens en de EU-verordening 2016\/679 die sinds 25 mei 2018 van toepassing is. Lisam Systems kan uw gegevens overdragen naar een derde land. In dat geval verbindt het bedrijf zich ertoe ervoor te zorgen dat dat land een &#8220;voldoende&#8221; niveau van bescherming van persoonsgegevens garandeert (art. 68). Derde landen die een &#8220;voldoende&#8221; niveau van bescherming van persoonsgegevens garanderen, worden als zodanig erkend door de Europese Commissie, die na analyse van de gegevensbeschermingsnormen van een staat de bevoegdheid heeft om te beslissen of het betreffende land een adequaat niveau van gegevensbescherming biedt en of het een geldig land kan worden voor de overdracht van persoonsgegevens.  <\/p><p><strong>10. Communicatie en informatie<\/strong><\/p><p>Zoals eerder vermeld, zullen de persoonsgegevens door Lisam Systems worden gebruikt om onze klanten en gebruikers te informeren over updates van onze producten.<\/p><p><strong>11. Hyperlinks naar andere websites.<\/strong><\/p><p>Onze websites kunnen hyperlinks bevatten naar andere websites die niet worden gebruikt of gecontroleerd door LISAM SYSTEMS SA.<br>In dit opzicht kan het bedrijf niet verantwoordelijk worden gehouden voor de inhoud van de bovengenoemde sites, noch voor het beleid inzake de bescherming van persoonsgegevens van derden die deze sites gebruiken, aangezien hun beleid kan afwijken van het onze.<\/p><p><strong>12. Wijziging van het beleid inzake gegevensbescherming.<\/strong><\/p><p>We behouden ons het recht voor om dit beleid te wijzigen in overeenstemming met de toepasselijke wetten inzake de bescherming van persoonsgegevens of onze praktijken. We raden u daarom aan om regelmatig de toepasselijke voorwaarden te raadplegen om op de hoogte te blijven van eventuele wijzigingen. De nieuwe versies zullen op onze website worden geplaatst en de publicatiedatum, vermeld in de laatste paragraaf, zal worden bijgewerkt. We zullen geen wijzigingen aanbrengen die het beschermingsniveau van uw rechten, zoals gegarandeerd door dit beleid, zouden verminderen zonder vooraf uw toestemming te vragen. Voor meer informatie over het gebruik van onze website, neem de tijd om onze &#8220;<a href=\"https:\/\/www.lisam.com\/fr\/conditions-dutilisation\/\">gebruiksvoorwaarden<\/a>&#8221; zorgvuldig door te lezen. <\/p>\t\t\t\t\t\t\t\t<\/div>\n\t\t\t\t<\/div>\n\t\t\t\t\t<\/div>\n\t\t\t\t<\/div>\n\t\t\t\t<\/div>\n\t\t","protected":false},"excerpt":{"rendered":"<p>Lisam&#8217;s privacy policy. 1. De gegevensbeheerder LISAM.CLOUD IS EEN AFDELING VAN LISAM SYSTEMS SA. LISAM SYSTEMS SA &#8211; (genoemd &#8220;het bedrijf&#8221;, &#8220;Lisam Systems&#8221;, &#8220;wij&#8221;, &#8220;ons&#8221; in dit document) is de verantwoordelijke voor de verwerking van uw gegevens.LISAM SYSTEMS SA is een dienstverlenend bedrijf, gereguleerd door het Belgische recht, met de maatschappelijke zetel op het volgende [&hellip;]<\/p>\n","protected":false},"author":1,"featured_media":0,"parent":0,"menu_order":0,"comment_status":"closed","ping_status":"closed","template":"","meta":{"footnotes":""},"class_list":["post-1341","page","type-page","status-publish","hentry"],"yoast_head":"<!-- This site is optimized with the Yoast SEO plugin v27.3 - https:\/\/yoast.com\/product\/yoast-seo-wordpress\/ -->\n<title>Privacybeleid - Lisam.Cloud<\/title>\n<meta name=\"robots\" content=\"index, follow, max-snippet:-1, max-image-preview:large, max-video-preview:-1\" \/>\n<link rel=\"canonical\" href=\"https:\/\/cloud.lisam.com\/nl\/privacybeleid\/\" \/>\n<meta property=\"og:locale\" content=\"nl_NL\" \/>\n<meta property=\"og:type\" content=\"article\" \/>\n<meta property=\"og:title\" content=\"Privacybeleid - Lisam.Cloud\" \/>\n<meta property=\"og:description\" content=\"Lisam&#8217;s privacy policy. 1. De gegevensbeheerder LISAM.CLOUD IS EEN AFDELING VAN LISAM SYSTEMS SA. LISAM SYSTEMS SA &#8211; (genoemd &#8220;het bedrijf&#8221;, &#8220;Lisam Systems&#8221;, &#8220;wij&#8221;, &#8220;ons&#8221; in dit document) is de verantwoordelijke voor de verwerking van uw gegevens.LISAM SYSTEMS SA is een dienstverlenend bedrijf, gereguleerd door het Belgische recht, met de maatschappelijke zetel op het volgende [&hellip;]\" \/>\n<meta property=\"og:url\" content=\"https:\/\/cloud.lisam.com\/nl\/privacybeleid\/\" \/>\n<meta property=\"og:site_name\" content=\"Lisam.Cloud\" \/>\n<meta property=\"article:modified_time\" content=\"2025-09-16T09:52:22+00:00\" \/>\n<meta name=\"twitter:card\" content=\"summary_large_image\" \/>\n<meta name=\"twitter:label1\" content=\"Geschatte leestijd\" \/>\n\t<meta name=\"twitter:data1\" content=\"7 minuten\" \/>\n<script type=\"application\/ld+json\" class=\"yoast-schema-graph\">{\"@context\":\"https:\\\/\\\/schema.org\",\"@graph\":[{\"@type\":\"WebPage\",\"@id\":\"https:\\\/\\\/cloud.lisam.com\\\/nl\\\/privacybeleid\\\/\",\"url\":\"https:\\\/\\\/cloud.lisam.com\\\/nl\\\/privacybeleid\\\/\",\"name\":\"Privacybeleid - Lisam.Cloud\",\"isPartOf\":{\"@id\":\"https:\\\/\\\/cloud.lisam.com\\\/nl\\\/#website\"},\"datePublished\":\"2025-06-28T11:03:36+00:00\",\"dateModified\":\"2025-09-16T09:52:22+00:00\",\"breadcrumb\":{\"@id\":\"https:\\\/\\\/cloud.lisam.com\\\/nl\\\/privacybeleid\\\/#breadcrumb\"},\"inLanguage\":\"nl-NL\",\"potentialAction\":[{\"@type\":\"ReadAction\",\"target\":[\"https:\\\/\\\/cloud.lisam.com\\\/nl\\\/privacybeleid\\\/\"]}]},{\"@type\":\"BreadcrumbList\",\"@id\":\"https:\\\/\\\/cloud.lisam.com\\\/nl\\\/privacybeleid\\\/#breadcrumb\",\"itemListElement\":[{\"@type\":\"ListItem\",\"position\":1,\"name\":\"Accueil\",\"item\":\"https:\\\/\\\/cloud.lisam.com\\\/nl\\\/home\\\/\"},{\"@type\":\"ListItem\",\"position\":2,\"name\":\"Privacybeleid\"}]},{\"@type\":\"WebSite\",\"@id\":\"https:\\\/\\\/cloud.lisam.com\\\/nl\\\/#website\",\"url\":\"https:\\\/\\\/cloud.lisam.com\\\/nl\\\/\",\"name\":\"lisam.cloud\",\"description\":\"Hosting with confidence.\",\"publisher\":{\"@id\":\"https:\\\/\\\/cloud.lisam.com\\\/nl\\\/#organization\"},\"potentialAction\":[{\"@type\":\"SearchAction\",\"target\":{\"@type\":\"EntryPoint\",\"urlTemplate\":\"https:\\\/\\\/cloud.lisam.com\\\/nl\\\/?s={search_term_string}\"},\"query-input\":{\"@type\":\"PropertyValueSpecification\",\"valueRequired\":true,\"valueName\":\"search_term_string\"}}],\"inLanguage\":\"nl-NL\"},{\"@type\":\"Organization\",\"@id\":\"https:\\\/\\\/cloud.lisam.com\\\/nl\\\/#organization\",\"name\":\"Lisam One\",\"url\":\"https:\\\/\\\/cloud.lisam.com\\\/nl\\\/\",\"logo\":{\"@type\":\"ImageObject\",\"inLanguage\":\"nl-NL\",\"@id\":\"https:\\\/\\\/cloud.lisam.com\\\/nl\\\/#\\\/schema\\\/logo\\\/image\\\/\",\"url\":\"https:\\\/\\\/cloud.lisam.com\\\/wp-content\\\/uploads\\\/2024\\\/04\\\/Logo-Lisam-Cloud.svg\",\"contentUrl\":\"https:\\\/\\\/cloud.lisam.com\\\/wp-content\\\/uploads\\\/2024\\\/04\\\/Logo-Lisam-Cloud.svg\",\"width\":2260,\"height\":364,\"caption\":\"Lisam One\"},\"image\":{\"@id\":\"https:\\\/\\\/cloud.lisam.com\\\/nl\\\/#\\\/schema\\\/logo\\\/image\\\/\"}}]}<\/script>\n<!-- \/ Yoast SEO plugin. -->","yoast_head_json":{"title":"Privacybeleid - Lisam.Cloud","robots":{"index":"index","follow":"follow","max-snippet":"max-snippet:-1","max-image-preview":"max-image-preview:large","max-video-preview":"max-video-preview:-1"},"canonical":"https:\/\/cloud.lisam.com\/nl\/privacybeleid\/","og_locale":"nl_NL","og_type":"article","og_title":"Privacybeleid - Lisam.Cloud","og_description":"Lisam&#8217;s privacy policy. 1. De gegevensbeheerder LISAM.CLOUD IS EEN AFDELING VAN LISAM SYSTEMS SA. LISAM SYSTEMS SA &#8211; (genoemd &#8220;het bedrijf&#8221;, &#8220;Lisam Systems&#8221;, &#8220;wij&#8221;, &#8220;ons&#8221; in dit document) is de verantwoordelijke voor de verwerking van uw gegevens.LISAM SYSTEMS SA is een dienstverlenend bedrijf, gereguleerd door het Belgische recht, met de maatschappelijke zetel op het volgende [&hellip;]","og_url":"https:\/\/cloud.lisam.com\/nl\/privacybeleid\/","og_site_name":"Lisam.Cloud","article_modified_time":"2025-09-16T09:52:22+00:00","twitter_card":"summary_large_image","twitter_misc":{"Geschatte leestijd":"7 minuten"},"schema":{"@context":"https:\/\/schema.org","@graph":[{"@type":"WebPage","@id":"https:\/\/cloud.lisam.com\/nl\/privacybeleid\/","url":"https:\/\/cloud.lisam.com\/nl\/privacybeleid\/","name":"Privacybeleid - Lisam.Cloud","isPartOf":{"@id":"https:\/\/cloud.lisam.com\/nl\/#website"},"datePublished":"2025-06-28T11:03:36+00:00","dateModified":"2025-09-16T09:52:22+00:00","breadcrumb":{"@id":"https:\/\/cloud.lisam.com\/nl\/privacybeleid\/#breadcrumb"},"inLanguage":"nl-NL","potentialAction":[{"@type":"ReadAction","target":["https:\/\/cloud.lisam.com\/nl\/privacybeleid\/"]}]},{"@type":"BreadcrumbList","@id":"https:\/\/cloud.lisam.com\/nl\/privacybeleid\/#breadcrumb","itemListElement":[{"@type":"ListItem","position":1,"name":"Accueil","item":"https:\/\/cloud.lisam.com\/nl\/home\/"},{"@type":"ListItem","position":2,"name":"Privacybeleid"}]},{"@type":"WebSite","@id":"https:\/\/cloud.lisam.com\/nl\/#website","url":"https:\/\/cloud.lisam.com\/nl\/","name":"lisam.cloud","description":"Hosting with confidence.","publisher":{"@id":"https:\/\/cloud.lisam.com\/nl\/#organization"},"potentialAction":[{"@type":"SearchAction","target":{"@type":"EntryPoint","urlTemplate":"https:\/\/cloud.lisam.com\/nl\/?s={search_term_string}"},"query-input":{"@type":"PropertyValueSpecification","valueRequired":true,"valueName":"search_term_string"}}],"inLanguage":"nl-NL"},{"@type":"Organization","@id":"https:\/\/cloud.lisam.com\/nl\/#organization","name":"Lisam One","url":"https:\/\/cloud.lisam.com\/nl\/","logo":{"@type":"ImageObject","inLanguage":"nl-NL","@id":"https:\/\/cloud.lisam.com\/nl\/#\/schema\/logo\/image\/","url":"https:\/\/cloud.lisam.com\/wp-content\/uploads\/2024\/04\/Logo-Lisam-Cloud.svg","contentUrl":"https:\/\/cloud.lisam.com\/wp-content\/uploads\/2024\/04\/Logo-Lisam-Cloud.svg","width":2260,"height":364,"caption":"Lisam One"},"image":{"@id":"https:\/\/cloud.lisam.com\/nl\/#\/schema\/logo\/image\/"}}]}},"_links":{"self":[{"href":"https:\/\/cloud.lisam.com\/nl\/wp-json\/wp\/v2\/pages\/1341","targetHints":{"allow":["GET"]}}],"collection":[{"href":"https:\/\/cloud.lisam.com\/nl\/wp-json\/wp\/v2\/pages"}],"about":[{"href":"https:\/\/cloud.lisam.com\/nl\/wp-json\/wp\/v2\/types\/page"}],"author":[{"embeddable":true,"href":"https:\/\/cloud.lisam.com\/nl\/wp-json\/wp\/v2\/users\/1"}],"replies":[{"embeddable":true,"href":"https:\/\/cloud.lisam.com\/nl\/wp-json\/wp\/v2\/comments?post=1341"}],"version-history":[{"count":0,"href":"https:\/\/cloud.lisam.com\/nl\/wp-json\/wp\/v2\/pages\/1341\/revisions"}],"wp:attachment":[{"href":"https:\/\/cloud.lisam.com\/nl\/wp-json\/wp\/v2\/media?parent=1341"}],"curies":[{"name":"wp","href":"https:\/\/api.w.org\/{rel}","templated":true}]}}